{"id":672,"date":"2017-06-19T20:16:44","date_gmt":"2017-06-19T20:16:44","guid":{"rendered":"https:\/\/stage.wolfthemes.live\/tune\/?page_id=672"},"modified":"2024-05-16T16:40:42","modified_gmt":"2024-05-16T16:40:42","slug":"rock","status":"publish","type":"page","link":"https:\/\/www.anastasis.fr\/","title":{"rendered":"Rock"},"content":{"rendered":"<section class=\"wpb-content-wrapper\"><p>[vc_row full_height=\u00a0\u00bbyes\u00a0\u00bb equal_height=\u00a0\u00bb\u00a0\u00bb font_color=\u00a0\u00bblight\u00a0\u00bb background_type=\u00a0\u00bbimage\u00a0\u00bb background_img=\u00a0\u00bb1984&Prime; background_position=\u00a0\u00bbleft center\u00a0\u00bb background_effect=\u00a0\u00bbparallax\u00a0\u00bb background_img_lazyload=\u00a0\u00bb1&Prime; add_overlay=\u00a0\u00bbyes\u00a0\u00bb overlay_color=\u00a0\u00bbgradient-color-3452ff\u00a0\u00bb overlay_opacity=\u00a0\u00bb40&Prime; sticky_player_playlist_skin=\u00a0\u00bbtransparent-light\u00a0\u00bb shift_y=\u00a0\u00bb0&Prime; z_index=\u00a0\u00bb0&Prime; row_name=\u00a0\u00bbHome\u00a0\u00bb][vc_column width=\u00a0\u00bb1\/3&Prime;][\/vc_column][vc_column width=\u00a0\u00bb2\/3&Prime;][vc_single_image image=\u00a0\u00bb1985&Prime; img_size=\u00a0\u00bbfull\u00a0\u00bb full_width=\u00a0\u00bb1&Prime; alignment=\u00a0\u00bbright\u00a0\u00bb onclick=\u00a0\u00bbcustom_link\u00a0\u00bb opacity=\u00a0\u00bb100&Prime; max_width=\u00a0\u00bb700px\u00a0\u00bb css_animation=\u00a0\u00bbfadeIn\u00a0\u00bb link=\u00a0\u00bburl:https%3A%2F%2Fpreview.wolfthemes.live%2Ftune%2F|||\u00a0\u00bb css_animation_delay=\u00a0\u00bb400&Prime;][\/vc_column][\/vc_row][vc_row content_width=\u00a0\u00bblarge\u00a0\u00bb equal_height=\u00a0\u00bb\u00a0\u00bb background_type=\u00a0\u00bbimage\u00a0\u00bb background_img=\u00a0\u00bb1383&Prime; background_repeat=\u00a0\u00bbrepeat\u00a0\u00bb background_size=\u00a0\u00bbdefault\u00a0\u00bb shift_y=\u00a0\u00bb0&Prime; z_index=\u00a0\u00bb0&Prime; row_name=\u00a0\u00bbDiscography\u00a0\u00bb][vc_column width=\u00a0\u00bb2\/3&Prime;][\/vc_column][vc_column width=\u00a0\u00bb1\/3&Prime;][wvc_bigtext text=\u00a0\u00bbDISCOGRAPHY\u00a0\u00bb font_weight=\u00a0\u00bb700&Prime; css_animation=\u00a0\u00bbfadeInUp\u00a0\u00bb][\/vc_column][\/vc_row][vc_row content_width=\u00a0\u00bbfull\u00a0\u00bb equal_height=\u00a0\u00bb\u00a0\u00bb][vc_column][wvc_release_index el_id=\u00a0\u00bbindex-34462&Prime; release_layout=\u00a0\u00bboverlay\u00a0\u00bb grid_padding=\u00a0\u00bbno\u00a0\u00bb overlay_color=\u00a0\u00bbauto\u00a0\u00bb overlay_opacity=\u00a0\u00bb40&Prime; orderby=\u00a0\u00bb\u00a0\u00bb order=\u00a0\u00bb\u00a0\u00bb columns=\u00a0\u00bb4&Prime; posts_per_page=\u00a0\u00bb4&Prime;][\/vc_column][\/vc_row][vc_row column_type=\u00a0\u00bbblock\u00a0\u00bb shift_y=\u00a0\u00bb0&Prime; z_index=\u00a0\u00bb0&Prime; row_name=\u00a0\u00bbBio\u00a0\u00bb min_height=\u00a0\u00bb500px\u00a0\u00bb][vc_column width=\u00a0\u00bb1\/2&Prime;][vc_custom_heading text=\u00a0\u00bbBiography\u00a0\u00bb font_size=\u00a0\u00bb72&Prime; font_family=\u00a0\u00bbRoboto Condensed\u00a0\u00bb text_align=\u00a0\u00bbleft\u00a0\u00bb css_animation=\u00a0\u00bbfadeInUp\u00a0\u00bb][vc_separator el_width=\u00a0\u00bb120px\u00a0\u00bb el_height=\u00a0\u00bb2px\u00a0\u00bb align=\u00a0\u00bbalign_left\u00a0\u00bb color=\u00a0\u00bbdarkgrey\u00a0\u00bb css_animation=\u00a0\u00bbfadeIn\u00a0\u00bb][vc_column_text css_animation=\u00a0\u00bbfadeIn\u00a0\u00bb css_animation_delay=\u00a0\u00bb200&Prime;]Claude Olivi\u00e9 suit une formation musicale d\u00e8s l\u2019age de 9 ans, piano classique.<\/p>\n<p>Il r\u00e9alise ses premi\u00e8res compositions vers 16 ans, piano et guitare. Ensuite vers 18 ans je me dirige vers le jazz et l\u2019improvisation. Un r\u00e9pertoire solide lui permet de se produire dans les Pubs en Angleterre et dans les pianos bars en France.<\/p>\n<p>Gr\u00e2ce \u00e0 ses influences tel Jean Michel Jarre, Vangelis, les Beatles, Elton John ainsi que l\u2019arriv\u00e9e de la MAO (Musique Assist\u00e9e par Ordinateur) il s\u2019oriente vers une composition New age dans laquelle il s\u2019exprime v\u00e9ritablement. Sa musique est diffus\u00e9e dans les SPA et centres de bien \u00eatre.<\/p>\n<p>En 2022 il d\u00e9cide de cr\u00e9er le personnage Anastasis pour lui permettre de toucher un public plus jeune et plus large.[\/vc_column_text][\/vc_column][vc_column width=\u00a0\u00bb1\/2&Prime; font_color=\u00a0\u00bblight\u00a0\u00bb background_type=\u00a0\u00bbimage\u00a0\u00bb background_img=\u00a0\u00bb1989&Prime; background_img_lazyload=\u00a0\u00bb1&Prime; shift_x=\u00a0\u00bb0&Prime; shift_y=\u00a0\u00bb0&Prime; z_index=\u00a0\u00bb0&Prime; css_animation=\u00a0\u00bbfadeIn\u00a0\u00bb min_height=\u00a0\u00bb500px\u00a0\u00bb][wvc_admin_helper_text comment=\u00a0\u00bbThe image displayed here is set in the column background settings. You can remove this message if you want.\u00a0\u00bb][\/vc_column][\/vc_row][vc_row equal_height=\u00a0\u00bb\u00a0\u00bb background_type=\u00a0\u00bbimage\u00a0\u00bb background_color=\u00a0\u00bbwhite\u00a0\u00bb background_img=\u00a0\u00bb1383&Prime; background_repeat=\u00a0\u00bbrepeat\u00a0\u00bb background_size=\u00a0\u00bbdefault\u00a0\u00bb row_name=\u00a0\u00bbContact\u00a0\u00bb][vc_column width=\u00a0\u00bb1\/3&Prime;][\/vc_column][vc_column width=\u00a0\u00bb1\/3&Prime;][wvc_bigtext text=\u00a0\u00bbContact\u00a0\u00bb font_weight=\u00a0\u00bb700&Prime; font_family=\u00a0\u00bbRoboto Condensed\u00a0\u00bb css_animation=\u00a0\u00bbfadeInUp\u00a0\u00bb][\/vc_column][vc_column width=\u00a0\u00bb1\/3&Prime;][\/vc_column][\/vc_row][vc_row equal_height=\u00a0\u00bb\u00a0\u00bb][vc_column width=\u00a0\u00bb2\/3&Prime;]\n<div class=\"wpcf7 no-js\" id=\"wpcf7-f186-o1\" lang=\"en-US\" dir=\"ltr\" data-wpcf7-id=\"186\">\n<div class=\"screen-reader-response\"><p role=\"status\" aria-live=\"polite\" aria-atomic=\"true\"><\/p> <ul><\/ul><\/div>\n<form action=\"\/index.php\/wp-json\/wp\/v2\/pages\/672#wpcf7-f186-o1\" method=\"post\" class=\"wpcf7-form init\" aria-label=\"Contact form\" novalidate=\"novalidate\" data-status=\"init\">\n<fieldset class=\"hidden-fields-container\"><input type=\"hidden\" name=\"_wpcf7\" value=\"186\" \/><input type=\"hidden\" name=\"_wpcf7_version\" value=\"6.1.5\" \/><input type=\"hidden\" name=\"_wpcf7_locale\" value=\"en_US\" \/><input type=\"hidden\" name=\"_wpcf7_unit_tag\" value=\"wpcf7-f186-o1\" \/><input type=\"hidden\" name=\"_wpcf7_container_post\" value=\"0\" \/><input type=\"hidden\" name=\"_wpcf7_posted_data_hash\" value=\"\" \/>\n<\/fieldset>\n<div class=\"wpcf7-inline-wrapper\">\n\t<p class=\"wpcf7-inline-field\"><span class=\"wpcf7-form-control-wrap\" data-name=\"your-firstname\"><input size=\"40\" maxlength=\"400\" class=\"wpcf7-form-control wpcf7-text wpcf7-validates-as-required\" aria-required=\"true\" aria-invalid=\"false\" placeholder=\"Pr\u00e9nom\" value=\"\" type=\"text\" name=\"your-firstname\" \/><\/span>\n\t<\/p>\n\t<p class=\"wpcf7-inline-field\"><span class=\"wpcf7-form-control-wrap\" data-name=\"your-lastname\"><input size=\"40\" maxlength=\"400\" class=\"wpcf7-form-control wpcf7-text wpcf7-validates-as-required\" aria-required=\"true\" aria-invalid=\"false\" placeholder=\"Nom\" value=\"\" type=\"text\" name=\"your-lastname\" \/><\/span>\n\t<\/p>\n<\/div>\n<div class=\"wpcf7-inline-wrapper\">\n\t<p class=\"wpcf7-inline-field\"><span class=\"wpcf7-form-control-wrap\" data-name=\"your-email\"><input size=\"40\" maxlength=\"400\" class=\"wpcf7-form-control wpcf7-email wpcf7-validates-as-required wpcf7-text wpcf7-validates-as-email\" aria-required=\"true\" aria-invalid=\"false\" placeholder=\"Email\" value=\"\" type=\"email\" name=\"your-email\" \/><\/span>\n\t<\/p>\n\t<p class=\"wpcf7-inline-field\"><span class=\"wpcf7-form-control-wrap\" data-name=\"your-website\"><input size=\"40\" maxlength=\"400\" class=\"wpcf7-form-control wpcf7-text\" aria-invalid=\"false\" placeholder=\"Website\" value=\"\" type=\"text\" name=\"your-website\" \/><\/span>\n\t<\/p>\n<\/div>\n<p><span class=\"wpcf7-form-control-wrap\" data-name=\"your-message\"><textarea cols=\"40\" rows=\"10\" maxlength=\"2000\" class=\"wpcf7-form-control wpcf7-textarea\" aria-invalid=\"false\" placeholder=\"Votre Message\" name=\"your-message\"><\/textarea><\/span>\n<\/p>\n<p class=\"wpcf7-field-no-margin\">\n<\/p>\n<p>[recaptcha]\n<\/p>\n<p><input class=\"wpcf7-form-control wpcf7-submit has-spinner wpcf7-button-fullwidth\" type=\"submit\" value=\"Send\" \/>\n<\/p><div class=\"wpcf7-response-output\" aria-hidden=\"true\"><\/div>\n<\/form>\n<\/div>\n[\/vc_column][vc_column width=\u00a0\u00bb1\/3&Prime;][vc_empty_space][vc_column_text]<\/p>\n<h3>CONTACT<\/h3>\n<h5>Promo\/Editions\/Distribution :<\/h5>\n<p>All Style Editions :<br \/>\ncontact@allstyleseditions.com<\/p>\n<p>[\/vc_column_text][\/vc_column][\/vc_row]<\/p>\n<\/section>","protected":false},"excerpt":{"rendered":"<p>[vc_row full_height=\u00a0\u00bbyes\u00a0\u00bb equal_height=\u00a0\u00bb\u00a0\u00bb font_color=\u00a0\u00bblight\u00a0\u00bb background_type=\u00a0\u00bbimage\u00a0\u00bb background_img=\u00a0\u00bb1984&Prime; background_position=\u00a0\u00bbleft center\u00a0\u00bb background_effect=\u00a0\u00bbparallax\u00a0\u00bb background_img_lazyload=\u00a0\u00bb1&Prime; add_overlay=\u00a0\u00bbyes\u00a0\u00bb overlay_color=\u00a0\u00bbgradient-color-3452ff\u00a0\u00bb overlay_opacity=\u00a0\u00bb40&Prime; sticky_player_playlist_skin=\u00a0\u00bbtransparent-light\u00a0\u00bb shift_y=\u00a0\u00bb0&Prime; z_index=\u00a0\u00bb0&Prime; row_name=\u00a0\u00bbHome\u00a0\u00bb][vc_column width=\u00a0\u00bb1\/3&Prime;][\/vc_column][vc_column width=\u00a0\u00bb2\/3&Prime;][vc_single_image image=\u00a0\u00bb1985&Prime; img_size=\u00a0\u00bbfull\u00a0\u00bb full_width=\u00a0\u00bb1&Prime; alignment=\u00a0\u00bbright\u00a0\u00bb onclick=\u00a0\u00bbcustom_link\u00a0\u00bb opacity=\u00a0\u00bb100&Prime; max_width=\u00a0\u00bb700px\u00a0\u00bb css_animation=\u00a0\u00bbfadeIn\u00a0\u00bb link=\u00a0\u00bburl:https%3A%2F%2Fpreview.wolfthemes.live%2Ftune%2F|||\u00a0\u00bb css_animation_delay=\u00a0\u00bb400&Prime;][\/vc_column][\/vc_row][vc_row content_width=\u00a0\u00bblarge\u00a0\u00bb equal_height=\u00a0\u00bb\u00a0\u00bb background_type=\u00a0\u00bbimage\u00a0\u00bb background_img=\u00a0\u00bb1383&Prime; background_repeat=\u00a0\u00bbrepeat\u00a0\u00bb background_size=\u00a0\u00bbdefault\u00a0\u00bb shift_y=\u00a0\u00bb0&Prime; z_index=\u00a0\u00bb0&Prime; row_name=\u00a0\u00bbDiscography\u00a0\u00bb][vc_column width=\u00a0\u00bb2\/3&Prime;][\/vc_column][vc_column width=\u00a0\u00bb1\/3&Prime;][wvc_bigtext text=\u00a0\u00bbDISCOGRAPHY\u00a0\u00bb font_weight=\u00a0\u00bb700&Prime; css_animation=\u00a0\u00bbfadeInUp\u00a0\u00bb][\/vc_column][\/vc_row][vc_row content_width=\u00a0\u00bbfull\u00a0\u00bb equal_height=\u00a0\u00bb\u00a0\u00bb][vc_column][wvc_release_index el_id=\u00a0\u00bbindex-34462&Prime; release_layout=\u00a0\u00bboverlay\u00a0\u00bb grid_padding=\u00a0\u00bbno\u00a0\u00bb overlay_color=\u00a0\u00bbauto\u00a0\u00bb overlay_opacity=\u00a0\u00bb40&Prime; orderby=\u00a0\u00bb\u00a0\u00bb order=\u00a0\u00bb\u00a0\u00bb columns=\u00a0\u00bb4&Prime; posts_per_page=\u00a0\u00bb4&Prime;][\/vc_column][\/vc_row][vc_row column_type=\u00a0\u00bbblock\u00a0\u00bb&#8230;<\/p>\n<p><a rel=\"bookmark\" class=\"more-link\" href=\"https:\/\/www.anastasis.fr\/\"><span>Continue reading<\/span><\/a><\/p>\n","protected":false},"author":1,"featured_media":1674,"parent":156,"menu_order":0,"comment_status":"closed","ping_status":"closed","template":"","meta":{"footnotes":""},"class_list":{"0":"post-672","1":"page","2":"type-page","3":"status-publish","4":"has-post-thumbnail","5":"hentry","6":"entry","7":"clearfix","8":"entry-grid","9":"entry-columns-default","10":"entry-page-module-layout-standard","11":"thumbnail-color-tone-dark","12":"entry-page","14":"entry-page-grid"},"_links":{"self":[{"href":"https:\/\/www.anastasis.fr\/index.php\/wp-json\/wp\/v2\/pages\/672","targetHints":{"allow":["GET"]}}],"collection":[{"href":"https:\/\/www.anastasis.fr\/index.php\/wp-json\/wp\/v2\/pages"}],"about":[{"href":"https:\/\/www.anastasis.fr\/index.php\/wp-json\/wp\/v2\/types\/page"}],"author":[{"embeddable":true,"href":"https:\/\/www.anastasis.fr\/index.php\/wp-json\/wp\/v2\/users\/1"}],"replies":[{"embeddable":true,"href":"https:\/\/www.anastasis.fr\/index.php\/wp-json\/wp\/v2\/comments?post=672"}],"version-history":[{"count":31,"href":"https:\/\/www.anastasis.fr\/index.php\/wp-json\/wp\/v2\/pages\/672\/revisions"}],"predecessor-version":[{"id":2041,"href":"https:\/\/www.anastasis.fr\/index.php\/wp-json\/wp\/v2\/pages\/672\/revisions\/2041"}],"up":[{"embeddable":true,"href":"https:\/\/www.anastasis.fr\/index.php\/wp-json\/wp\/v2\/pages\/156"}],"wp:featuredmedia":[{"embeddable":true,"href":"https:\/\/www.anastasis.fr\/index.php\/wp-json\/wp\/v2\/media\/1674"}],"wp:attachment":[{"href":"https:\/\/www.anastasis.fr\/index.php\/wp-json\/wp\/v2\/media?parent=672"}],"curies":[{"name":"wp","href":"https:\/\/api.w.org\/{rel}","templated":true}]}}